{"id":121,"date":"2025-06-07T14:53:30","date_gmt":"2025-06-07T12:53:30","guid":{"rendered":"https:\/\/xpres.hr\/naslovnica\/"},"modified":"2025-12-05T18:21:51","modified_gmt":"2025-12-05T17:21:51","slug":"home","status":"publish","type":"page","link":"https:\/\/xpres.hr\/en\/","title":{"rendered":"Home"},"content":{"rendered":"<section class=\"home-hero home-hero--video\">\r\n            <div class=\"home-hero-video-wrapper\">\r\n                            <video muted autoplay loop playsinline preload=\"auto\">\r\n                    <source src=\"https:\/\/xpres.hr\/wp-content\/uploads\/2025\/07\/rotacija-salice-u-aparatu-1920x1280-1.mp4\" type=\"video\/mp4\" \/>\r\n                <\/video>\r\n                    <\/div>\r\n        <div class=\"container\">\r\n        <div class=\"home-hero-inner\">\r\n                            <h1 class=\"home-hero-title\">XPRES<br \/>\r\nvending solutions that adapt to your needs<\/h1>\r\n                                        <a href=\"#contact\" class=\"btn-primary\" aria-label=\"Vodi korisnika na CONTACT US\">CONTACT US<\/a>\r\n                    <\/div>\r\n    <\/div>\r\n<\/section>\r\n<div class=\"home-hero-boxes\">\r\n    <div class=\"home-hero-box\">\r\n                    <h2 class=\"home-hero-box-title\">Coffee vending machines<\/h2>\r\n            <div class=\"entry-content home-hero-box-text\">\r\n                <p>Coffee that waits for you whenever you want it<\/p>\n            <\/div>\r\n            <\/div>\r\n    <div class=\"home-hero-box\">\r\n                    <h2 class=\"home-hero-box-title\">Snack vending machines<\/h2>\r\n            <div class=\"entry-content home-hero-box-text\">\r\n                <p>A small break, a big enjoyment<\/p>\n            <\/div>\r\n            <\/div>\r\n<\/div>\n\n<section class=\"content-image\">\r\n    <div class=\"container\">\r\n        <div class=\"content-image-inner\">\r\n            <div class=\"content-image-left\">\r\n                                    <span class=\"section-pretitle content-image-pretitle\">Our machines<\/span>\r\n                                                    <h2 class=\"section-title content-image-title\">Simple offer, professional execution<\/h2>\r\n                                                    <div class=\"entry-content content-image-text\">\r\n                        <p>Our offer includes three coffee vending machines and one snack machine \u2013simple solutions for quick selection, while also being diverse enough to meet different needs of locations and users. Whether you need a machine for the office, waiting room, school, hospital or gym, Xpres machines provide reliable service, modern design, and top-notch user experience.<br \/>\nIn addition to the machines, our service includes regular refilling, maintenance, servicing and customer support that is available to you whenever you need it.<\/p>\n                    <\/div>\r\n                                                    <a href=\"https:\/\/xpres.hr\/en\/machines\/\" class=\"btn-primary content-image-cta\">VIEW SPECIFICATIONS<\/a>\r\n                            <\/div>\r\n            <div class=\"content-image-right\">\r\n                                    <img decoding=\"async\" src=\"https:\/\/xpres.hr\/wp-content\/uploads\/2025\/07\/proizvodi-u-aparatu.jpg\" alt=\"slika\">\r\n                            <\/div>\r\n        <\/div>\r\n    <\/div>\r\n<\/section>\n\n<div class=\"partner-logos\">\r\n    <div class=\"js-partners-slider\">\r\n                \r\n                    \r\n                <div class=\"partner-logos-slide\">\r\n                    <img decoding=\"async\" src=\"https:\/\/xpres.hr\/wp-content\/uploads\/2025\/06\/logo-3.png\" alt=\"partner logo\">\r\n                <\/div>\r\n        \r\n                    \r\n                <div class=\"partner-logos-slide\">\r\n                    <img decoding=\"async\" src=\"https:\/\/xpres.hr\/wp-content\/uploads\/2025\/12\/T-com-4.png\" alt=\"partner logo\">\r\n                <\/div>\r\n        \r\n                    \r\n                <div class=\"partner-logos-slide\">\r\n                    <img decoding=\"async\" src=\"https:\/\/xpres.hr\/wp-content\/uploads\/2025\/06\/logo-1.png\" alt=\"partner logo\">\r\n                <\/div>\r\n        \r\n                    \r\n                <div class=\"partner-logos-slide\">\r\n                    <img decoding=\"async\" src=\"https:\/\/xpres.hr\/wp-content\/uploads\/2025\/12\/NK-Osijek-1.png\" alt=\"partner logo\">\r\n                <\/div>\r\n        \r\n                    \r\n                <div class=\"partner-logos-slide\">\r\n                    <img decoding=\"async\" src=\"https:\/\/xpres.hr\/wp-content\/uploads\/2025\/06\/logo-5.png\" alt=\"partner logo\">\r\n                <\/div>\r\n        \r\n                    \r\n                <div class=\"partner-logos-slide\">\r\n                    <img decoding=\"async\" src=\"https:\/\/xpres.hr\/wp-content\/uploads\/2025\/12\/HIS-1.png\" alt=\"partner logo\">\r\n                <\/div>\r\n        \r\n                    \r\n                <div class=\"partner-logos-slide\">\r\n                    <img decoding=\"async\" src=\"https:\/\/xpres.hr\/wp-content\/uploads\/2025\/07\/Hrvatska-posta.jpg\" alt=\"partner logo\">\r\n                <\/div>\r\n        \r\n                    \r\n                <div class=\"partner-logos-slide\">\r\n                    <img decoding=\"async\" src=\"https:\/\/xpres.hr\/wp-content\/uploads\/2025\/06\/logo-4.png\" alt=\"partner logo\">\r\n                <\/div>\r\n        \r\n                    \r\n                <div class=\"partner-logos-slide\">\r\n                    <img decoding=\"async\" src=\"https:\/\/xpres.hr\/wp-content\/uploads\/2025\/06\/logo-2.png\" alt=\"partner logo\">\r\n                <\/div>\r\n        \r\n                    \r\n                <div class=\"partner-logos-slide\">\r\n                    <img decoding=\"async\" src=\"https:\/\/xpres.hr\/wp-content\/uploads\/2025\/07\/Fokus.png\" alt=\"partner logo\">\r\n                <\/div>\r\n        \r\n                    \r\n                <div class=\"partner-logos-slide\">\r\n                    <img decoding=\"async\" src=\"https:\/\/xpres.hr\/wp-content\/uploads\/2025\/07\/Dunapack.png\" alt=\"partner logo\">\r\n                <\/div>\r\n        \r\n                    \r\n            <\/div>\r\n<\/div>\n\n<section class=\"content-icons\" style=\"background-image: url('https:\/\/xpres.hr\/wp-content\/uploads\/2025\/06\/e031a9c8078425af8ddcbe37d7a0f6be190636e2-1.jpg');\">\r\n    <div class=\"container\">\r\n        <div class=\"content-icons-inner\">\r\n            <div class=\"content-icons-left\">\r\n                                    <h2 class=\"section-title content-icons-title\">What makes Xpres different?<\/h2>\r\n                                                    <div class=\"entry-content content-icons-text\">\r\n                        <p>What sets us apart from others is our coffee, each bean is carefully selected and our unique recipe is kept as a secret. This special blend provides an unforgettable and recognizable taste. Our coffee is not just a beverage but a true work of art that comes from careful planning and expertise.<\/p>\n<p>From the first contact to daily use, we take care of every detail; modern design, easy to use, topnotch machines and a loyalty program via mobile app.<\/p>\n<p>Xpres is not just a machine &#8211; Xpres is a break that is remembered!<\/p>\n                    <\/div>\r\n                                                    <a href=\"https:\/\/xpres.hr\/en\/loyalty\/\" class=\"btn-primary content-icons-cta\">LEARN MORE <\/a>\r\n                            <\/div>\r\n            <div class=\"content-icons-right\">\r\n                <div class=\"ci-boxes\">\r\n                                        \r\n                                            \r\n                            <div class=\"ci-box\">\r\n                                                                    <img decoding=\"async\" src=\"https:\/\/xpres.hr\/wp-content\/uploads\/2025\/06\/7e06e8ee0aa5457b7202045065e254bb560631f8.png\" alt=\"icon\">\r\n                                                                                                    <h3 class=\"ci-box-title\">RELIABLE SUPPORT<\/h3>\r\n                                                                                                    <div class=\"entry-content ci-box-text\">\r\n                                        <p>We take care of charging, servicing, and the functioning of your device \u2013 you don&#8217;t have to think about anything.<\/p>\n                                    <\/div>\r\n                                                            <\/div>\r\n                    \r\n                                            \r\n                            <div class=\"ci-box\">\r\n                                                                    <img decoding=\"async\" src=\"https:\/\/xpres.hr\/wp-content\/uploads\/2025\/06\/28f166990c91f866077decf37e8851adfe15e069.png\" alt=\"icon\">\r\n                                                                                                    <h3 class=\"ci-box-title\">FLEXIBLE SOLUTIONS<\/h3>\r\n                                                                                                    <div class=\"entry-content ci-box-text\">\r\n                                        <p>Different models and customization options for all types of business spaces.<\/p>\n                                    <\/div>\r\n                                                            <\/div>\r\n                    \r\n                                            \r\n                            <div class=\"ci-box\">\r\n                                                                    <img decoding=\"async\" src=\"https:\/\/xpres.hr\/wp-content\/uploads\/2025\/06\/8c718b7f52c8cb7657424b025d6882ad80014387.png\" alt=\"icon\">\r\n                                                                                                    <h3 class=\"ci-box-title\">MOBILE APPLICATION<\/h3>\r\n                                                                                                    <div class=\"entry-content ci-box-text\">\r\n                                        <p>Users can pay, collect points and receive rewards \u2013 a digitalized respite experience.<\/p>\n                                    <\/div>\r\n                                                            <\/div>\r\n                    \r\n                                            \r\n                            <div class=\"ci-box\">\r\n                                                                    <img decoding=\"async\" src=\"https:\/\/xpres.hr\/wp-content\/uploads\/2025\/06\/e87afb8b09b11aac02df88faf52125332e990ba7.png\" alt=\"icon\">\r\n                                                                                                    <h3 class=\"ci-box-title\">WITHOUT ADDITIONAL OBLIGATIONS<\/h3>\r\n                                                                                                    <div class=\"entry-content ci-box-text\">\r\n                                        <p>Easy setup, transparent terms, no unnecessary complications.<\/p>\n                                    <\/div>\r\n                                                            <\/div>\r\n                    \r\n                                            \r\n                                    <\/div>\r\n            <\/div>\r\n        <\/div>\r\n    <\/div>\r\n<\/section>\n\n<section class=\"blog-slider\">\r\n    <div class=\"container\">\r\n        <div class=\"blog-slider-inner\">\r\n            <div class=\"blog-slider-left\">\r\n                                    <h2 class=\"section-title blog-slider-title\">News<\/h2>\r\n                                                    <div class=\"entry-content blog-slider-text\">\r\n                        <p>Follow the latest news from the vending world, new solutions, new locations, upgrades and benefits for users. Stay updated with what\u2019s coming.<\/p>\n                    <\/div>\r\n                                                    <a href=\"https:\/\/xpres.hr\/en\/news\/\" class=\"btn-primary blog-slider-cta\">SEE ALL THE NEWS<\/a>\r\n                            <\/div>\r\n            <div class=\"blog-slider-right\">\r\n                <div class=\"js-blog-slider\">\r\n                                        \r\n                                                                        <div class=\"blog-slide\">\r\n                                <a href=\"https:\/\/xpres.hr\/en\/bean-to-cup-vending-fresh-coffee-anywhere-you-need-it\/\" class=\"blog-item\">\r\n                                    <div class=\"blog-item-featured-image\" style=\"background-image: url('https:\/\/xpres.hr\/wp-content\/uploads\/2025\/11\/bean-to-cup-scaled.jpg');\"><\/div>\r\n                                    <div class=\"blog-item-content\">\r\n                                        <h3 class=\"blog-item-title\">Bean-to-Cup Vending: Fresh Coffee, Anywhere You Need It<\/h3>\r\n                                        <span class=\"blog-item-date\">26.11.2025<\/span>\r\n                                    <\/div>\r\n                                <\/a>\r\n                            <\/div>\r\n                                                    <div class=\"blog-slide\">\r\n                                <a href=\"https:\/\/xpres.hr\/en\/smart-vending-machines-are-taking-over-the-european-market-iot-and-ai-are-changing-the-game\/\" class=\"blog-item\">\r\n                                    <div class=\"blog-item-featured-image\" style=\"background-image: url('https:\/\/xpres.hr\/wp-content\/uploads\/2025\/11\/vending-aparat-smart-scaled.jpg');\"><\/div>\r\n                                    <div class=\"blog-item-content\">\r\n                                        <h3 class=\"blog-item-title\">Smart Vending Machines Are Taking Over the European Market \u2013 IoT and AI Are Changing the Game<\/h3>\r\n                                        <span class=\"blog-item-date\">25.11.2025<\/span>\r\n                                    <\/div>\r\n                                <\/a>\r\n                            <\/div>\r\n                                                                \r\n                                        \r\n                <\/div>\r\n            <\/div>\r\n        <\/div>\r\n    <\/div>\r\n<\/section>\n\n<section id=\"kontakt\" class=\"contact\">\n    <div class=\"container\">\n        <div class=\"contact-inner\">\n            <div class=\"contact-left\">\n                                    <h2 class=\"section-title content-image-title\">Contact us<\/h2>\n                                <div class=\"contact-info\">\n                                            <a class=\"contact-info-item\" href=\"tel:0800200304\"><span class=\"icon-phone\"><\/span>0800 200 304<\/a>\n                                                                <a class=\"contact-info-item\" href=\"mailto:0800200304\"><span class=\"icon-email\"><\/span>info@interultima.hr<\/a>\n                                                                <div class=\"contact-info-item\"><span class=\"icon-pin\"><\/span>Headquarters: Draga 10, 10291 Prigorje Brdove\u010dko<\/div>\n                                                                <div class=\"contact-info-item\"><span class=\"icon-pin\"><\/span>Offices and warehouse: Ru\u0161evje 2, 10290 Zapre\u0161i\u0107<\/div>\n                                    <\/div>\n            <\/div>\n            <div class=\"contact-right\">\n                <div class=\"contact-form-wrapper\">\n                                            <div class=\"frm_forms  with_frm_style frm_style_formidable-style\" id=\"frm_form_2_container\" >\n<form enctype=\"multipart\/form-data\" method=\"post\" class=\"frm-show-form  frm_js_validate  frm_ajax_submit \" id=\"form_contact-form\" >\n<div class=\"frm_form_fields \">\n<fieldset>\n<legend class=\"frm_screen_reader\">Contact Form<\/legend>\r\n\r\n<div class=\"frm_fields_container\">\n<input type=\"hidden\" name=\"frm_action\" value=\"create\" \/>\n<input type=\"hidden\" name=\"form_id\" value=\"2\" \/>\n<input type=\"hidden\" name=\"frm_hide_fields_2\" id=\"frm_hide_fields_2\" value=\"\" \/>\n<input type=\"hidden\" name=\"form_key\" value=\"contact-form\" \/>\n<input type=\"hidden\" name=\"item_meta[0]\" value=\"\" \/>\n<input type=\"hidden\" id=\"frm_submit_entry_2\" name=\"frm_submit_entry_2\" value=\"a7a21c66af\" \/><input type=\"hidden\" name=\"_wp_http_referer\" value=\"\/en\/wp-json\/wp\/v2\/pages\/121\" \/><div id=\"frm_field_10_container\" class=\"frm_form_field form-field  frm_required_field frm_none_container frm6 frm_first\">\r\n\t<label for=\"field_yuts12\" id=\"field_yuts12_label\" class=\"frm_primary_label\">Name and Surname\r\n\t\t<span class=\"frm_required\" aria-hidden=\"true\">*<\/span>\r\n\t<\/label>\r\n\t<input type=\"text\" id=\"field_yuts12\" name=\"item_meta[10]\" value=\"\"  placeholder=\"Name and Surname\" data-reqmsg=\"Name and Surname cannot be empty.\" aria-required=\"true\" data-invmsg=\"Name and Surname is invalid\" aria-invalid=\"false\"  \/>\r\n\t\r\n\t\r\n<\/div>\n<div id=\"frm_field_11_container\" class=\"frm_form_field form-field  frm_required_field frm_none_container frm6\">\r\n\t<label for=\"field_d3hs42\" id=\"field_d3hs42_label\" class=\"frm_primary_label\">Company\r\n\t\t<span class=\"frm_required\" aria-hidden=\"true\">*<\/span>\r\n\t<\/label>\r\n\t<input type=\"text\" id=\"field_d3hs42\" name=\"item_meta[11]\" value=\"\"  placeholder=\"Company\" data-reqmsg=\"Company cannot be empty.\" aria-required=\"true\" data-invmsg=\"Company is invalid\" aria-invalid=\"false\"  \/>\r\n\t\r\n\t\r\n<\/div>\n<div id=\"frm_field_12_container\" class=\"frm_form_field form-field  frm_required_field frm_none_container frm6 frm_first\">\r\n\t<label for=\"field_29yf4d2\" id=\"field_29yf4d2_label\" class=\"frm_primary_label\">E-mail address\r\n\t\t<span class=\"frm_required\" aria-hidden=\"true\">*<\/span>\r\n\t<\/label>\r\n\t<input type=\"email\" id=\"field_29yf4d2\" name=\"item_meta[12]\" value=\"\"  placeholder=\"E-mail address\" data-reqmsg=\"E-mail address cannot be empty.\" aria-required=\"true\" data-invmsg=\"Please enter a valid email address.\" aria-invalid=\"false\"  \/>\r\n\t\r\n\t\r\n<\/div>\n<div id=\"frm_field_13_container\" class=\"frm_form_field form-field  frm_required_field frm_none_container frm6\">\r\n\t<label for=\"field_2ybvw2\" id=\"field_2ybvw2_label\" class=\"frm_primary_label\"> Phone number\r\n\t\t<span class=\"frm_required\" aria-hidden=\"true\">*<\/span>\r\n\t<\/label>\r\n\t<input type=\"tel\" id=\"field_2ybvw2\" name=\"item_meta[13]\" value=\"\"  placeholder=\"Phone number\" data-reqmsg=\" Phone number cannot be empty.\" aria-required=\"true\" data-invmsg=\" Phone number  is not valid\" aria-invalid=\"false\" pattern=\"((\\+\\d{1,3}(-|.| )?\\(?\\d\\)?(-| |.)?\\d{1,5})|(\\(?\\d{2,6}\\)?))(-|.| )?(\\d{3,4})(-|.| )?(\\d{4})(( x| ext)\\d{1,5}){0,1}$\"  \/>\r\n\t\r\n\t\r\n<\/div>\n<div id=\"frm_field_14_container\" class=\"frm_form_field form-field  frm_required_field frm_none_container frm_full\">\r\n\t<label for=\"field_9jv0r12\" id=\"field_9jv0r12_label\" class=\"frm_primary_label\">How can we help you?\r\n\t\t<span class=\"frm_required\" aria-hidden=\"true\">*<\/span>\r\n\t<\/label>\r\n\t<textarea name=\"item_meta[14]\" id=\"field_9jv0r12\" rows=\"5\"  placeholder=\"How can we help you?\" data-reqmsg=\"How can we help you? cannot be empty.\" aria-required=\"true\" data-invmsg=\"How can we help you? is invalid\" aria-invalid=\"false\"  ><\/textarea>\r\n\t\r\n\t\r\n<\/div>\n<div id=\"frm_field_15_container\" class=\"frm_form_field form-field \">\r\n\t<div class=\"frm_submit frm_flex\">\r\n<button class=\"frm_button_submit\" type=\"submit\"  >SEND<\/button>\r\n\r\n\r\n\r\n<\/div>\r\n<\/div>\n\t<input type=\"hidden\" name=\"item_key\" value=\"\" \/>\n\t\t\t<div id=\"frm_field_16_container\">\n\t\t\t<label for=\"field_tfk54\" >\n\t\t\t\tIf you are human, leave this field blank.\t\t\t<\/label>\n\t\t\t<input  id=\"field_tfk54\" type=\"text\" class=\"frm_form_field form-field frm_verify\" name=\"item_meta[16]\" value=\"\"  \/>\n\t\t<\/div>\n\t\t<input name=\"frm_state\" type=\"hidden\" value=\"SvxzOAWshI5aT\/diZsFaI8fr44iI4GJxNtDMpjsAeII=\" \/><\/div>\n<\/fieldset>\n<\/div>\n\n<\/form>\n<\/div>\n                                    <\/div>\n            <\/div>\n        <\/div>\n    <\/div>\n<\/section>","protected":false},"excerpt":{"rendered":"","protected":false},"author":1,"featured_media":0,"parent":0,"menu_order":0,"comment_status":"closed","ping_status":"closed","template":"","meta":{"_acf_changed":false,"footnotes":""},"class_list":["post-121","page","type-page","status-publish","hentry"],"acf":[],"yoast_head":"<!-- This site is optimized with the Yoast SEO plugin v25.5 - https:\/\/yoast.com\/wordpress\/plugins\/seo\/ -->\n<title>Coffee &amp; Snack Vending Machines - Smart Solutions | Xpres<\/title>\n<meta name=\"description\" content=\"Xpres delivers coffee and snack vending machines with smart tech, signature blends, in-house ingredients and a mobile loyalty app for an exceptional experience.\" \/>\n<meta name=\"robots\" content=\"index, follow, max-snippet:-1, max-image-preview:large, max-video-preview:-1\" \/>\n<link rel=\"canonical\" href=\"https:\/\/xpres.hr\/en\/\" \/>\n<meta property=\"og:locale\" content=\"en_US\" \/>\n<meta property=\"og:type\" content=\"article\" \/>\n<meta property=\"og:title\" content=\"Coffee &amp; Snack Vending Machines - Smart Solutions | Xpres\" \/>\n<meta property=\"og:description\" content=\"Xpres delivers coffee and snack vending machines with smart tech, signature blends, in-house ingredients and a mobile loyalty app for an exceptional experience.\" \/>\n<meta property=\"og:url\" content=\"https:\/\/xpres.hr\/en\/\" \/>\n<meta property=\"og:site_name\" content=\"Xpres\" \/>\n<meta property=\"article:modified_time\" content=\"2025-12-05T17:21:51+00:00\" \/>\n<meta name=\"twitter:card\" content=\"summary_large_image\" \/>\n<script type=\"application\/ld+json\" class=\"yoast-schema-graph\">{\"@context\":\"https:\/\/schema.org\",\"@graph\":[{\"@type\":\"WebPage\",\"@id\":\"https:\/\/xpres.hr\/en\/\",\"url\":\"https:\/\/xpres.hr\/en\/\",\"name\":\"Coffee & Snack Vending Machines - Smart Solutions | Xpres\",\"isPartOf\":{\"@id\":\"https:\/\/xpres.hr\/#website\"},\"datePublished\":\"2025-06-07T12:53:30+00:00\",\"dateModified\":\"2025-12-05T17:21:51+00:00\",\"description\":\"Xpres delivers coffee and snack vending machines with smart tech, signature blends, in-house ingredients and a mobile loyalty app for an exceptional experience.\",\"breadcrumb\":{\"@id\":\"https:\/\/xpres.hr\/en\/#breadcrumb\"},\"inLanguage\":\"en-US\",\"potentialAction\":[{\"@type\":\"ReadAction\",\"target\":[\"https:\/\/xpres.hr\/en\/\"]}]},{\"@type\":\"BreadcrumbList\",\"@id\":\"https:\/\/xpres.hr\/en\/#breadcrumb\",\"itemListElement\":[{\"@type\":\"ListItem\",\"position\":1,\"name\":\"Home\",\"item\":\"https:\/\/xpres.hr\/en\/\"},{\"@type\":\"ListItem\",\"position\":2,\"name\":\"Home\"}]},{\"@type\":\"WebSite\",\"@id\":\"https:\/\/xpres.hr\/#website\",\"url\":\"https:\/\/xpres.hr\/\",\"name\":\"Xpres\",\"description\":\"\",\"potentialAction\":[{\"@type\":\"SearchAction\",\"target\":{\"@type\":\"EntryPoint\",\"urlTemplate\":\"https:\/\/xpres.hr\/?s={search_term_string}\"},\"query-input\":{\"@type\":\"PropertyValueSpecification\",\"valueRequired\":true,\"valueName\":\"search_term_string\"}}],\"inLanguage\":\"en-US\"}]}<\/script>\n<!-- \/ Yoast SEO plugin. -->","yoast_head_json":{"title":"Coffee & Snack Vending Machines - Smart Solutions | Xpres","description":"Xpres delivers coffee and snack vending machines with smart tech, signature blends, in-house ingredients and a mobile loyalty app for an exceptional experience.","robots":{"index":"index","follow":"follow","max-snippet":"max-snippet:-1","max-image-preview":"max-image-preview:large","max-video-preview":"max-video-preview:-1"},"canonical":"https:\/\/xpres.hr\/en\/","og_locale":"en_US","og_type":"article","og_title":"Coffee & Snack Vending Machines - Smart Solutions | Xpres","og_description":"Xpres delivers coffee and snack vending machines with smart tech, signature blends, in-house ingredients and a mobile loyalty app for an exceptional experience.","og_url":"https:\/\/xpres.hr\/en\/","og_site_name":"Xpres","article_modified_time":"2025-12-05T17:21:51+00:00","twitter_card":"summary_large_image","schema":{"@context":"https:\/\/schema.org","@graph":[{"@type":"WebPage","@id":"https:\/\/xpres.hr\/en\/","url":"https:\/\/xpres.hr\/en\/","name":"Coffee & Snack Vending Machines - Smart Solutions | Xpres","isPartOf":{"@id":"https:\/\/xpres.hr\/#website"},"datePublished":"2025-06-07T12:53:30+00:00","dateModified":"2025-12-05T17:21:51+00:00","description":"Xpres delivers coffee and snack vending machines with smart tech, signature blends, in-house ingredients and a mobile loyalty app for an exceptional experience.","breadcrumb":{"@id":"https:\/\/xpres.hr\/en\/#breadcrumb"},"inLanguage":"en-US","potentialAction":[{"@type":"ReadAction","target":["https:\/\/xpres.hr\/en\/"]}]},{"@type":"BreadcrumbList","@id":"https:\/\/xpres.hr\/en\/#breadcrumb","itemListElement":[{"@type":"ListItem","position":1,"name":"Home","item":"https:\/\/xpres.hr\/en\/"},{"@type":"ListItem","position":2,"name":"Home"}]},{"@type":"WebSite","@id":"https:\/\/xpres.hr\/#website","url":"https:\/\/xpres.hr\/","name":"Xpres","description":"","potentialAction":[{"@type":"SearchAction","target":{"@type":"EntryPoint","urlTemplate":"https:\/\/xpres.hr\/?s={search_term_string}"},"query-input":{"@type":"PropertyValueSpecification","valueRequired":true,"valueName":"search_term_string"}}],"inLanguage":"en-US"}]}},"_links":{"self":[{"href":"https:\/\/xpres.hr\/en\/wp-json\/wp\/v2\/pages\/121","targetHints":{"allow":["GET"]}}],"collection":[{"href":"https:\/\/xpres.hr\/en\/wp-json\/wp\/v2\/pages"}],"about":[{"href":"https:\/\/xpres.hr\/en\/wp-json\/wp\/v2\/types\/page"}],"author":[{"embeddable":true,"href":"https:\/\/xpres.hr\/en\/wp-json\/wp\/v2\/users\/1"}],"replies":[{"embeddable":true,"href":"https:\/\/xpres.hr\/en\/wp-json\/wp\/v2\/comments?post=121"}],"version-history":[{"count":18,"href":"https:\/\/xpres.hr\/en\/wp-json\/wp\/v2\/pages\/121\/revisions"}],"predecessor-version":[{"id":550,"href":"https:\/\/xpres.hr\/en\/wp-json\/wp\/v2\/pages\/121\/revisions\/550"}],"wp:attachment":[{"href":"https:\/\/xpres.hr\/en\/wp-json\/wp\/v2\/media?parent=121"}],"curies":[{"name":"wp","href":"https:\/\/api.w.org\/{rel}","templated":true}]}}